{"id":3860,"date":"2025-02-27T11:04:58","date_gmt":"2025-02-27T11:04:58","guid":{"rendered":"https:\/\/taupere.com\/?page_id=3860"},"modified":"2026-01-30T12:21:27","modified_gmt":"2026-01-30T12:21:27","slug":"solo-forma","status":"publish","type":"page","link":"https:\/\/taupere.com\/lt\/solo-forma\/","title":{"rendered":"Solo forma"},"content":{"rendered":"<div data-elementor-type=\"wp-page\" data-elementor-id=\"3860\" class=\"elementor elementor-3860\">\n\t\t\t\t<div class=\"elementor-element elementor-element-0997185 e-flex e-con-boxed wpr-particle-no wpr-jarallax-no wpr-parallax-no wpr-sticky-section-no e-con e-parent\" data-id=\"0997185\" data-element_type=\"container\" data-settings=\"{&quot;background_background&quot;:&quot;classic&quot;}\">\n\t\t\t\t\t<div class=\"e-con-inner\">\n\t\t\t\t<div class=\"elementor-element elementor-element-70c966e exad-sticky-section-no exad-glass-effect-no jltma-glass-effect-no elementor-widget elementor-widget-heading\" data-id=\"70c966e\" data-element_type=\"widget\" data-widget_type=\"heading.default\">\n\t\t\t\t<div class=\"elementor-widget-container\">\n\t\t\t<style>\/*! elementor - v3.21.0 - 26-05-2024 *\/\n.elementor-heading-title{padding:0;margin:0;line-height:1}.elementor-widget-heading .elementor-heading-title[class*=elementor-size-]>a{color:inherit;font-size:inherit;line-height:inherit}.elementor-widget-heading .elementor-heading-title.elementor-size-small{font-size:15px}.elementor-widget-heading .elementor-heading-title.elementor-size-medium{font-size:19px}.elementor-widget-heading .elementor-heading-title.elementor-size-large{font-size:29px}.elementor-widget-heading .elementor-heading-title.elementor-size-xl{font-size:39px}.elementor-widget-heading .elementor-heading-title.elementor-size-xxl{font-size:59px}<\/style><h2 class=\"elementor-heading-title elementor-size-default\">Apply here:<\/h2>\t\t<\/div>\n\t\t\t\t<\/div>\n\t\t\t\t<div class=\"elementor-element elementor-element-6772d64 exad-sticky-section-no exad-glass-effect-no jltma-glass-effect-no elementor-widget elementor-widget-shortcode\" data-id=\"6772d64\" data-element_type=\"widget\" data-widget_type=\"shortcode.default\">\n\t\t\t\t<div class=\"elementor-widget-container\">\n\t\t\t\t\t<div class=\"elementor-shortcode\"><div class=\"forminator-ui forminator-custom-form forminator-custom-form-3800 forminator-design--flat  forminator_ajax\" data-forminator-render=\"0\" data-form=\"forminator-module-3800\" data-uid=\"69d77e03108f4\"><br\/><\/div><form\n\t\t\t\tid=\"forminator-module-3800\"\n\t\t\t\tclass=\"forminator-ui forminator-custom-form forminator-custom-form-3800 forminator-design--flat  forminator_ajax\"\n\t\t\t\tmethod=\"post\"\n\t\t\t\tdata-forminator-render=\"0\"\n\t\t\t\tdata-form-id=\"3800\"\n\t\t\t\t\n\t\t\t\tdata-design=\"flat\"\n\t\t\t\t\n\t\t\t\t\n\t\t\t\t\n\t\t\t\tdata-grid=\"open\"\n\t\t\t\t\n\t\t\t\t\n\t\t\t\tstyle=\"display: none;\"\n\t\t\t\t\n\t\t\t\tdata-uid=\"69d77e03108f4\"\n\t\t\t><div role=\"alert\" aria-live=\"polite\" class=\"forminator-response-message forminator-error\" aria-hidden=\"true\"><\/div><div class=\"forminator-row\"><div id=\"name-2\" class=\"forminator-field-name forminator-col forminator-col-12\"><div class=\"forminator-field\"><label for=\"forminator-field-name-2_69d77e03108f4\" id=\"forminator-field-name-2_69d77e03108f4-label\" class=\"forminator-label\">Vardas<\/label><input type=\"text\" name=\"name-2\" value=\"\" placeholder=\"E.g. John Doe\" id=\"forminator-field-name-2_69d77e03108f4\" class=\"forminator-input forminator-name--field\" aria-required=\"false\" \/><\/div><\/div><\/div><div class=\"forminator-row\"><div id=\"email-2\" class=\"forminator-field-email forminator-col forminator-col-12\"><div class=\"forminator-field\"><label for=\"forminator-field-email-2_69d77e03108f4\" id=\"forminator-field-email-2_69d77e03108f4-label\" class=\"forminator-label\">El. pa\u0161tas<\/label><input type=\"email\" name=\"email-2\" value=\"\" placeholder=\"E.g. john@doe.com\" id=\"forminator-field-email-2_69d77e03108f4\" class=\"forminator-input forminator-email--field\" data-required=\"\" aria-required=\"false\" \/><\/div><\/div><\/div><div class=\"forminator-row\"><div id=\"name-1\" class=\"forminator-field-name forminator-col forminator-col-12\"><div class=\"forminator-field\"><label for=\"forminator-field-name-1_69d77e03108f4\" id=\"forminator-field-name-1_69d77e03108f4-label\" class=\"forminator-label\">Ko tikiesi pasiekti per \u0161i\u0105 patirt\u012f?<\/label><input type=\"text\" name=\"name-1\" value=\"\" placeholder=\"\" id=\"forminator-field-name-1_69d77e03108f4\" class=\"forminator-input forminator-name--field\" aria-required=\"false\" \/><\/div><\/div><\/div><div class=\"forminator-row\"><div id=\"radio-4\" class=\"forminator-field-radio forminator-col forminator-col-12\"><div role=\"radiogroup\" class=\"forminator-field\" aria-labelledby=\"forminator-radiogroup-69d77e03108f4-label\" aria-describedby=\"forminator-radiogroup-69d77e03108f4-description\"><span id=\"forminator-radiogroup-69d77e03108f4-label\" class=\"forminator-label\">Kokia yra tavo pageidaujama kalba ?<\/span><label id=\"forminator-field-radio-4-label-1\" for=\"forminator-field-radio-4-1-69d77e03108f4\" class=\"forminator-radio\" title=\"Lietuvi\u0173\"><input type=\"radio\" name=\"radio-4\" value=\"one\" id=\"forminator-field-radio-4-1-69d77e03108f4\" aria-labelledby=\"forminator-field-radio-4-label-1\" data-calculation=\"0\"   data-hidden-behavior=\"zero\" aria-describedby=\"forminator-field-radio-4-69d77e03108f4-description\"\/><span class=\"forminator-radio-bullet\" aria-hidden=\"true\"><\/span><span class=\"forminator-radio-label\">Lietuvi\u0173<\/span><\/label><label id=\"forminator-field-radio-4-label-2\" for=\"forminator-field-radio-4-2-69d77e03108f4\" class=\"forminator-radio\" title=\"Angl\u0173\"><input type=\"radio\" name=\"radio-4\" value=\"two\" id=\"forminator-field-radio-4-2-69d77e03108f4\" aria-labelledby=\"forminator-field-radio-4-label-2\" data-calculation=\"0\"   data-hidden-behavior=\"zero\" aria-describedby=\"forminator-field-radio-4-69d77e03108f4-description\"\/><span class=\"forminator-radio-bullet\" aria-hidden=\"true\"><\/span><span class=\"forminator-radio-label\">Angl\u0173<\/span><\/label><label id=\"forminator-field-radio-4-label-3\" for=\"forminator-field-radio-4-3-69d77e03108f4\" class=\"forminator-radio\" title=\"Nesvarbu\"><input type=\"radio\" name=\"radio-4\" value=\"Do-not-matter\" id=\"forminator-field-radio-4-3-69d77e03108f4\" aria-labelledby=\"forminator-field-radio-4-label-3\" data-calculation=\"0\"   data-hidden-behavior=\"zero\" aria-describedby=\"forminator-field-radio-4-69d77e03108f4-description\"\/><span class=\"forminator-radio-bullet\" aria-hidden=\"true\"><\/span><span class=\"forminator-radio-label\">Nesvarbu<\/span><\/label><span id=\"forminator-radiogroup-69d77e03108f4-description\" class=\"forminator-description\">Tavo kalbos pasirinkimas pad\u0117s nuspr\u0119sti, ar turime pakankamai dalyvi\u0173, kad sukurtume grup\u0119 ta kalba. Nors siekiu patenkinti abiej\u0173 kalb\u0173 poreik\u012f, galutinis grup\u0117s prieinamumas priklausys nuo paklausos.<\/span><\/div><\/div><\/div><div class=\"forminator-row\"><div id=\"radio-2\" class=\"forminator-field-radio forminator-col forminator-col-12\"><div role=\"radiogroup\" class=\"forminator-field\" aria-labelledby=\"forminator-radiogroup-69d77e03108f4-label\" aria-describedby=\"forminator-radiogroup-69d77e03108f4-description\"><span id=\"forminator-radiogroup-69d77e03108f4-label\" class=\"forminator-label\">Kok\u012f paket\u0105 nori rinktis?<\/span><label id=\"forminator-field-radio-2-label-1\" for=\"forminator-field-radio-2-1-69d77e03108f4\" class=\"forminator-radio\" title=\"EARLY BIRDS: Standard Package (\u20ac80) \u2013 Includes full group participation with guided goal-setting, structured planning, check-ins, and a supportive solopreneur community.\"><input type=\"radio\" name=\"radio-2\" value=\"one\" id=\"forminator-field-radio-2-1-69d77e03108f4\" aria-labelledby=\"forminator-field-radio-2-label-1\" data-calculation=\"0\"   data-hidden-behavior=\"zero\" aria-describedby=\"forminator-field-radio-2-69d77e03108f4-description\"\/><span class=\"forminator-radio-bullet\" aria-hidden=\"true\"><\/span><span class=\"forminator-radio-label\">EARLY BIRDS: Standard Package (\u20ac80) \u2013 Includes full group participation with guided goal-setting, structured planning, check-ins, and a supportive solopreneur community.<\/span><\/label><label id=\"forminator-field-radio-2-label-2\" for=\"forminator-field-radio-2-2-69d77e03108f4\" class=\"forminator-radio\" title=\"EARLY BIRDS: Solopreneur Premium Package (\u20ac220) \u2013 Everything in the Standard Package plus: \t\u2022\tCliftonStrengths TOP5 Assessment (included in price) \t\u2022\tOne 1:1 CliftonStrengths Session to understand &amp; apply your strengths \t\u2022\tOne Private Coaching Session for deeper strategy &amp; alignment\"><input type=\"radio\" name=\"radio-2\" value=\"two\" id=\"forminator-field-radio-2-2-69d77e03108f4\" aria-labelledby=\"forminator-field-radio-2-label-2\" data-calculation=\"0\"   data-hidden-behavior=\"zero\" aria-describedby=\"forminator-field-radio-2-69d77e03108f4-description\"\/><span class=\"forminator-radio-bullet\" aria-hidden=\"true\"><\/span><span class=\"forminator-radio-label\">EARLY BIRDS: Solopreneur Premium Package (\u20ac220) \u2013 Everything in the Standard Package plus: \t\u2022\tCliftonStrengths TOP5 Assessment (included in price) \t\u2022\tOne 1:1 CliftonStrengths Session to understand &amp; apply your strengths \t\u2022\tOne Private Coaching Session for deeper strategy &amp; alignment<\/span><\/label><label id=\"forminator-field-radio-2-label-3\" for=\"forminator-field-radio-2-3-69d77e03108f4\" class=\"forminator-radio\" title=\"Dar nesu tikras(-a) \u2013 nor\u0117\u010diau aptarti savo pasirinkimus prie\u0161 priimant sprendim\u0105.\"><input type=\"radio\" name=\"radio-2\" value=\"Not-sure-yet-\u2013-I\u2019d-like-to-discuss-my-options-before-deciding.\" id=\"forminator-field-radio-2-3-69d77e03108f4\" aria-labelledby=\"forminator-field-radio-2-label-3\" data-calculation=\"0\"   data-hidden-behavior=\"zero\" aria-describedby=\"forminator-field-radio-2-69d77e03108f4-description\"\/><span class=\"forminator-radio-bullet\" aria-hidden=\"true\"><\/span><span class=\"forminator-radio-label\">Dar nesu tikras(-a) \u2013 nor\u0117\u010diau aptarti savo pasirinkimus prie\u0161 priimant sprendim\u0105.<\/span><\/label><label id=\"forminator-field-radio-2-label-4\" for=\"forminator-field-radio-2-4-69d77e03108f4\" class=\"forminator-radio\" title=\"Dar ne\u017einau, priklauso ar galima mok\u0117ti dalimis\"><input type=\"radio\" name=\"radio-2\" value=\"Not-sure,-depends-if-I-can-pay-in-parts\" id=\"forminator-field-radio-2-4-69d77e03108f4\" aria-labelledby=\"forminator-field-radio-2-label-4\" data-calculation=\"0\"   data-hidden-behavior=\"zero\" aria-describedby=\"forminator-field-radio-2-69d77e03108f4-description\"\/><span class=\"forminator-radio-bullet\" aria-hidden=\"true\"><\/span><span class=\"forminator-radio-label\">Dar ne\u017einau, priklauso ar galima mok\u0117ti dalimis<\/span><\/label><span id=\"forminator-radiogroup-69d77e03108f4-description\" class=\"forminator-description\">.<\/span><\/div><\/div><\/div><div class=\"forminator-row\"><div id=\"textarea-1\" class=\"forminator-field-textarea forminator-col forminator-col-12\"><div class=\"forminator-field\"><label for=\"forminator-field-textarea-1_69d77e03108f4\" id=\"forminator-field-textarea-1_69d77e03108f4-label\" class=\"forminator-label\">Ar turi koki\u0173 nors klausim\u0173 ar l\u016bkes\u010di\u0173?<\/label><textarea name=\"textarea-1\" placeholder=\"\" id=\"forminator-field-textarea-1_69d77e03108f4\" class=\"forminator-textarea\" rows=\"6\" style=\"min-height:140px;\" ><\/textarea><\/div><\/div><\/div><div class=\"forminator-row\"><div id=\"consent-2\" class=\"forminator-field-consent forminator-col forminator-col-12\"><div class=\"forminator-field\"><label for=\"forminator-field-consent-2_69d77e03108f4\" id=\"forminator-field-consent-2_69d77e03108f4-label\" class=\"forminator-label\">Rezervacija ir apmok\u0117jimas <span class=\"forminator-required\">*<\/span><\/label><div class=\"forminator-checkbox__wrapper\"><label for=\"forminator-field-consent-2_69d77e03108f4\" id=\"forminator-field-consent-2_69d77e03108f4__label\" class=\"forminator-checkbox forminator-consent\" style=\"margin: 0;\"><input type=\"checkbox\" name=\"consent-2\" id=\"forminator-field-consent-2_69d77e03108f4\" value=\"checked\" aria-labelledby=\"forminator-field-consent-2_69d77e03108f4-label\" aria-describedby=\"forminator-field-consent-2_69d77e03108f4__description\" data-required=\"true\" aria-required=\"true\" \/><span class=\"forminator-checkbox-box\" aria-hidden=\"true\"><\/span><\/label><div id=\"forminator-field-consent-2_69d77e03108f4__description\" class=\"forminator-checkbox__label forminator-consent__label\"><p class=\"p1\"><span class=\"s1\">Suprantu, kad mano parai\u0161ka rezervuoja viet\u0105 Solopreneurs grup\u0117je, ta\u010diau mano vieta bus patvirtinta tik po mok\u0117jimo atlikimo - <\/span><strong><span class=\"s2\">\u20ac30 avanso.<\/span><\/strong><span class=\"s1\"><strong>.<\/strong> Greitai gausiu el. lai\u0161k\u0105 su mok\u0117jimo nuoroda ir papildoma informacija. Jei u\u017estatas nebus sumok\u0117tas per nurodyt\u0105 laikotarp\u012f, mano vieta gali b\u016bti atlaisvinta kitam kandidatui.<\/span><\/p><\/div><\/div><\/div><\/div><\/div><div class=\"forminator-row\"><div id=\"consent-1\" class=\"forminator-field-consent forminator-col forminator-col-12\"><div class=\"forminator-field\"><label for=\"forminator-field-consent-1_69d77e03108f4\" id=\"forminator-field-consent-1_69d77e03108f4-label\" class=\"forminator-label\">Sutikimas d\u0117l komunikacijos ir duomen\u0173 naudojimo <span class=\"forminator-required\">*<\/span><\/label><div class=\"forminator-checkbox__wrapper\"><label for=\"forminator-field-consent-1_69d77e03108f4\" id=\"forminator-field-consent-1_69d77e03108f4__label\" class=\"forminator-checkbox forminator-consent\" style=\"margin: 0;\"><input type=\"checkbox\" name=\"consent-1\" id=\"forminator-field-consent-1_69d77e03108f4\" value=\"checked\" aria-labelledby=\"forminator-field-consent-1_69d77e03108f4-label\" aria-describedby=\"forminator-field-consent-1_69d77e03108f4__description\" data-required=\"true\" aria-required=\"true\" \/><span class=\"forminator-checkbox-box\" aria-hidden=\"true\"><\/span><\/label><div id=\"forminator-field-consent-1_69d77e03108f4__description\" class=\"forminator-checkbox__label forminator-consent__label\"><p class=\"p1\"><span class=\"s1\">Pateikdamas \u0161i\u0105 form\u0105, sutinku, kad mano el. pa\u0161tas b\u016bt\u0173 naudojamas \u0161iems tikslams:<\/span><\/p>\n<p class=\"p1\"><span class=\"s1\">\u2714 <\/span><span class=\"s2\">Komunikacija, susijusi su \u0161ia Solopreneurs grupe<\/span><span class=\"s1\">, \u012fskaitant atnaujinimus, susitikim\u0173 detales ir susijusius med\u017eiagos i\u0161teklius.<\/span><\/p>\n<p class=\"p1\"><span class=\"s1\">\u2714 <\/span><span class=\"s2\">Papildoma informacija apie \u0161i\u0105 ir b\u016bsimas programas<\/span><span class=\"s1\">, \u012fskaitant art\u0117jan\u010dias galimybes, i\u0161teklius ir i\u0161skirtines pasi\u016blymus.<\/span><\/p>\n<p class=\"p1\"><span class=\"s1\">Suprantu, kad bet kada galiu atsisakyti ateities komunikacijos.<\/span><\/p><\/div><\/div><\/div><\/div><\/div><div class=\"forminator-row\"><div id=\"captcha-1\" class=\"forminator-field-captcha forminator-col forminator-col-12\"><div class=\"forminator-captcha-left forminator-g-recaptcha\" data-theme=\"light\"  data-sitekey=\"6LdbQ-YpAAAAABfD9aWMihXOlLslzpe0OHghhEM1\" data-size=\"normal\"><\/div> <\/div><\/div><input type=\"hidden\" name=\"referer_url\" value=\"\" \/><div class=\"forminator-row forminator-row-last\"><div class=\"forminator-col\"><div class=\"forminator-field\"><button class=\"forminator-button forminator-button-submit submit-button\">REGISTRUOTIS<\/button><\/div><\/div><\/div><input type=\"hidden\" id=\"forminator_nonce\" name=\"forminator_nonce\" value=\"9d4a445093\" \/><input type=\"hidden\" name=\"_wp_http_referer\" value=\"\/lt\/wp-json\/wp\/v2\/pages\/3860\" \/><input type=\"hidden\" name=\"form_id\" value=\"3800\"><input type=\"hidden\" name=\"page_id\" value=\"3860\"><input type=\"hidden\" name=\"form_type\" value=\"default\"><input type=\"hidden\" name=\"current_url\" value=\"https:\/\/taupere.com\/lt\/solo-forma\/\"><input type=\"hidden\" name=\"render_id\" value=\"0\"><input type=\"hidden\" name=\"action\" value=\"forminator_submit_form_custom-forms\"><input type=\"hidden\" name=\"trp-form-language\" value=\"lt\"\/><\/form><\/div>\n\t\t\t\t<\/div>\n\t\t\t\t<\/div>\n\t\t\t\t\t<\/div>\n\t\t\t\t<\/div>\n\t\t\t\t<\/div>","protected":false},"excerpt":{"rendered":"<p>Apply here:<\/p>","protected":false},"author":3,"featured_media":0,"parent":0,"menu_order":0,"comment_status":"closed","ping_status":"closed","template":"","meta":{"_acf_changed":false,"footnotes":""},"acf":[],"aioseo_notices":[],"_links":{"self":[{"href":"https:\/\/taupere.com\/lt\/wp-json\/wp\/v2\/pages\/3860"}],"collection":[{"href":"https:\/\/taupere.com\/lt\/wp-json\/wp\/v2\/pages"}],"about":[{"href":"https:\/\/taupere.com\/lt\/wp-json\/wp\/v2\/types\/page"}],"author":[{"embeddable":true,"href":"https:\/\/taupere.com\/lt\/wp-json\/wp\/v2\/users\/3"}],"replies":[{"embeddable":true,"href":"https:\/\/taupere.com\/lt\/wp-json\/wp\/v2\/comments?post=3860"}],"version-history":[{"count":28,"href":"https:\/\/taupere.com\/lt\/wp-json\/wp\/v2\/pages\/3860\/revisions"}],"predecessor-version":[{"id":4311,"href":"https:\/\/taupere.com\/lt\/wp-json\/wp\/v2\/pages\/3860\/revisions\/4311"}],"wp:attachment":[{"href":"https:\/\/taupere.com\/lt\/wp-json\/wp\/v2\/media?parent=3860"}],"curies":[{"name":"wp","href":"https:\/\/api.w.org\/{rel}","templated":true}]}}